{"id":215,"date":"2014-01-30T10:32:08","date_gmt":"2014-01-30T09:32:08","guid":{"rendered":"http:\/\/maza.elatiko.com\/?page_id=215"},"modified":"2017-11-22T14:13:51","modified_gmt":"2017-11-22T13:13:51","slug":"estekak","status":"publish","type":"page","link":"https:\/\/www.mazarredoauditores.com\/eu\/estekak\/","title":{"rendered":"Estekak"},"content":{"rendered":"<div class=\"info_box\">\n<div class=\"inside\">\n<ul>\n<li>Instituto de Censores Jurados de Cuentas<br \/>\n<a href=\"http:\/\/www.icjce.es\" target=\"_blank\">www.icjce.es<\/a><\/li>\n<li>Instituto de Contabilidad y Auditor\u00eda<br \/>\n<a href=\"http:\/\/www.icac.meh.es\" target=\"_blank\">www.icac.meh.es<\/a><\/li>\n<li>Registro de Economistas Auditores<br \/>\n<a href=\"http:\/\/www.rea.es\" target=\"_blank\">www.rea.es<\/a><\/li>\n<li>AECA Asociaci\u00f3n Espa\u00f1ola de Contabilidad y Administraci\u00f3n de Empresas<br \/>\n<a href=\"http:\/\/www.aeca.es\" target=\"_blank\">www.aeca.es<\/a><\/li>\n<li>Internacional Federation of Accountants<br \/>\n<a href=\"http:\/\/www.ifac.org\" target=\"_blank\">www.ifac.org<\/a><\/li>\n<li>FEE (Federaci\u00f3n Europea de Expertos Contables)<br \/>\n<a href=\"http:\/\/www.fee.be\" target=\"_blank\">www.fee.be<\/a><\/li>\n<li>FASB \/ US GAAP (Financial Accounting Standards Board)<br \/>\n<a href=\"http:\/\/www.fasb.org\" target=\"_blank\">www.fasb.org<\/a><\/li>\n<li>IFRS \/ International Financial Reporting Standards<br \/>\n<a href=\"http:\/\/www.ifrs.org\" target=\"_blank\">www.ifrs.org<\/a><\/li>\n<li>Colegio Vasco de Economistas \/ Ekonomista Euskal Elkargoa<br \/>\n<a href=\"http:\/\/www.ekonomista.org\" target=\"_blank\">www.ekonomista.org<\/a><\/li>\n<li>CEBEK \/ CONFEDERACI\u00d3N EMPRESARIAL DE BIZKAIA<br \/>\n<a href=\"http:\/\/www.cebek.es\" target=\"_blank\">www.cebek.es<\/a><\/li>\n<li>SEA \/ SEA Empresarios Alaveses<br \/>\n<a href=\"http:\/\/sie.sea.es\" target=\"_blank\">sie.sea.es<\/a><\/li>\n<\/ul>\n<\/div>\n<\/div>\n","protected":false},"excerpt":{"rendered":"<p>Instituto de Censores Jurados de Cuentas www.icjce.es Instituto de Contabilidad y Auditor\u00eda www.icac.meh.es Registro de Economistas Auditores www.rea.es AECA Asociaci\u00f3n Espa\u00f1ola de Contabilidad y Administraci\u00f3n de Empresas www.aeca.es Internacional Federation of Accountants www.ifac.org FEE (Federaci\u00f3n Europea de Expertos Contables) www.fee.be FASB \/ US GAAP (Financial Accounting Standards Board) www.fasb.org IFRS \/ International Financial Reporting Standards [&hellip;]<\/p>\n","protected":false},"author":1,"featured_media":0,"parent":0,"menu_order":0,"comment_status":"open","ping_status":"open","template":"","meta":[],"_links":{"self":[{"href":"https:\/\/www.mazarredoauditores.com\/eu\/wp-json\/wp\/v2\/pages\/215"}],"collection":[{"href":"https:\/\/www.mazarredoauditores.com\/eu\/wp-json\/wp\/v2\/pages"}],"about":[{"href":"https:\/\/www.mazarredoauditores.com\/eu\/wp-json\/wp\/v2\/types\/page"}],"author":[{"embeddable":true,"href":"https:\/\/www.mazarredoauditores.com\/eu\/wp-json\/wp\/v2\/users\/1"}],"replies":[{"embeddable":true,"href":"https:\/\/www.mazarredoauditores.com\/eu\/wp-json\/wp\/v2\/comments?post=215"}],"version-history":[{"count":0,"href":"https:\/\/www.mazarredoauditores.com\/eu\/wp-json\/wp\/v2\/pages\/215\/revisions"}],"wp:attachment":[{"href":"https:\/\/www.mazarredoauditores.com\/eu\/wp-json\/wp\/v2\/media?parent=215"}],"curies":[{"name":"wp","href":"https:\/\/api.w.org\/{rel}","templated":true}]}}