{"id":310,"date":"2017-10-19T13:33:45","date_gmt":"2017-10-19T11:33:45","guid":{"rendered":"http:\/\/mazarredo.wpengine.com\/?page_id=310\/"},"modified":"2017-10-19T13:33:45","modified_gmt":"2017-10-19T11:33:45","slug":"legezko-oharra","status":"publish","type":"page","link":"https:\/\/www.mazarredoauditores.com\/eu\/legezko-oharra\/","title":{"rendered":"Legezko oharra"},"content":{"rendered":"<p>En cumplimiento con lo establecido en la Ley Org\u00e1nica 15\/1999, de 13 de diciembre, de Protecci\u00f3n de Datos de Car\u00e1cter Personal, le informamos que los datos introducidos en el formulario de contacto de este sitio web pasar\u00e1 a formar parte de un fichero propiedad de Mazarredo Auditores S.L. y podr\u00e1n ser utilizados para ser objeto de publicidad comercial.<br \/>\nAsimismo le informamos que puede ejercitar sus derechos de acceso, rectificaci\u00f3n, cancelaci\u00f3n y oposici\u00f3n. Tales derechos podr\u00e1n ser ejercitados mediante solicitud escrita y firmada en la siguiente direcci\u00f3n:<br \/>\nMazarredo Auditores S.L. Alameda Mazarredo, 7 Ppal. Izq. 48001 Bilbao (Bizkaia)<\/p>\n<p>&nbsp;<\/p>\n<p>CONDICIONES DE USO<\/p>\n<p>En cumplimiento de la Ley 34\/2002, de 11 de julio, de servicios de la sociedad de la informaci\u00f3n y de comercio electr\u00f3nico, Mazarredo Auditores S.L. le informa de que es titular del website www.mazarredoauditores.com.<br \/>\nDe acuerdo con la exigencia del art\u00edculo 10 de la citada Ley, Mazarredo Auditores S.L. informa de los siguientes datos: El titular de esta p\u00e1gina web es Mazarredo Auditores S.L., con CIF B95608154 y domicilio social en Alameda Mazarredo, 7 Ppal. Izq. 48001 Bilbao (Bizkaia), inscrita en el Registro Mercantil en el tomo 5133, folio 50, hoja BI- 56589, inscripci\u00f3n 1a. La direcci\u00f3n de correo electr\u00f3nico de contacto con la empresa es auditores@mazarredoauditores.com<\/p>\n<p>USUARIO Y REGIMEN DE RESPONSABILIDADES<\/p>\n<p>La navegaci\u00f3n, acceso y uso por el website de Mazarredo Auditores S.L. confiere la condici\u00f3n de usuario, por la que se aceptan, desde la navegaci\u00f3n por las p\u00e1ginas de Mazarredo Auditores S.L., todas las condiciones de uso aqu\u00ed establecidas sin perjuicio de la aplicaci\u00f3n de la correspondiente normativa de obligado cumplimiento legal seg\u00fan el caso. Las p\u00e1ginas web de Mazarredo Auditores S.L. proporcionan gran diversidad de informaci\u00f3n, servicios y datos. El usuario asume su responsabilidad en el uso correcto de el website. Esta responsabilidad se extiende a:<br \/>\nLa veracidad y licitud de las informaciones aportadas por el usuario en los formularios extendidos por Mazarredo Auditores S.L. para el acceso a ciertos contenidos o servicios ofrecidos por las webs.<br \/>\nEl uso de la informaci\u00f3n, servicios y datos ofrecidos por Mazarredo Auditores S.L. contrariamente a lo dispuesto por las presentes condiciones, la Ley, la moral, las buenas costumbres o el orden p\u00fablico, o que de cualquier otro modo puedan suponer lesi\u00f3n de los derechos de terceros o del mismo funcionamiento de el website.<\/p>\n<p>POL\u00cdTICA DE ENLACES Y EXENCIONES DE RESPONSABILIDAD<\/p>\n<p>Mazarredo Auditores S.L. no se hace responsable del contenido de las p\u00e1ginas web a las que el usuario pueda acceder a trav\u00e9s de los enlaces establecidos en su website y declara que en ning\u00fan caso proceder\u00e1 examinar o ejercitar ning\u00fan tipo de control sobre el contenido de otras p\u00e1ginas de la red.<br \/>\nAsimismo, tampoco garantiza la disponibilidad t\u00e9cnica, exactitud, veracidad, validez o legalidad de p\u00e1ginas ajenas a su propiedad a las que se pueda acceder por medio de los enlaces. Mazarredo Auditores S.L. declara haber adoptado todas las medidas necesarias para evitar cualesquiera da\u00f1os que, a los usuarios de su website, pudieran derivarse de la navegaci\u00f3n por sus p\u00e1ginas web. En consecuencia, Mazarredo Auditores S.L. no se hace responsable, en ning\u00fan caso, de los eventuales da\u00f1os que por la navegaci\u00f3n por Internet pudiera sufrir el usuario.<\/p>\n<p>MODIFICACIONES<\/p>\n<p>Mazarredo Auditores S.L. se reserva el derecho a realizar las modificaciones que considere oportunas, sin aviso previo, en el contenido de su website. Tanto en lo referente a los contenidos de la website, como en las condiciones de uso de la misma o en las condiciones generales de contrataci\u00f3n. Dichas modificaciones podr\u00e1n realizarse, a trav\u00e9s de su website, de cualquier forma admisible en derecho y ser\u00e1n de obligado cumplimiento durante el tiempo en que se encuentren publicadas en la web y hasta que no sean modificadas v\u00e1lidamente por otras posteriores.<\/p>\n<p>RESERVA DE COOKIES<\/p>\n<p>Mazarredo Auditores S.L. se reserva el derecho de utilizar cookies en la navegaci\u00f3n del usuario por su website para facilitar la personalizacio?n y comodidad de la navegaci\u00f3n. Siguiendo la pol\u00edtica de protecci\u00f3n de datos de la empresa, Mazarredo Auditores S.L. informa que las cookies se asocian al usuario an\u00f3nimo y a su ordenador, y no proporcionan por s\u00ed el nombre y apellidos del usuario.<br \/>\nEl usuario tiene la posibilidad de configurar su navegador de modo que se le informe de la recepci\u00f3n de cookies, pudiendo, si as\u00ed lo desea, impedir que sean instaladas en su disco duro. No obstante, para el acceso a la website de Mazarredo Auditores S.L. no es preceptiva la instalacio?n de cookies.<\/p>\n<p>PROPIEDAD INTELECTUAL<\/p>\n<p>Los derechos de propiedad intelectual e industrial derivados de todos los textos, im\u00e1genes, as\u00ed como de los medios y formas de presentaci\u00f3n y montaje de sus p\u00e1ginas pertenecen, por s\u00ed o como cesionaria, a Mazarredo Auditores S.L. ser\u00e1n, por consiguiente, obras protegidas como propiedad intelectual por el ordenamiento jur\u00eddico espa\u00f1ol, si\u00e9ndoles aplicables tanto la normativa espa\u00f1ola y comunitaria en este campo, como los tratados internacionales relativos a la materia y suscritos por Espa\u00f1a.<\/p>\n<p>Todos los derechos reservados. En cumplimiento de la Ley de la Propiedad Intelectual se proh\u00edbe expresamente la reproducci\u00f3n, distribuci\u00f3n, comunicaci\u00f3n p\u00fablica y utilizaci\u00f3n, de la totalidad o parte de los contenidos de sus p\u00e1ginas web sin el consentimiento expreso de Mazarredo Auditores S.L. ACCIONES LEGALES, LEGISLACION APLICABLE Y JURISDICCION ANTONIO MIRANDA SA se reserva asimismo la facultad de presentar las acciones civiles o penales que considere oportunas por la utilizacio?n indebida de sus pa?ginas web y contenidos o por el incumplimiento de las presentes condiciones.<br \/>\nLa relaci\u00f3n entre el usuario y Mazarredo Auditores S.L. se regir\u00e1 por la normativa espa\u00f1ola vigente y ser\u00e1n competentes para decidir sobre cualquier controversia que se pudiera suscitar entre el usuario y Mazarredo Auditores S.L. los juzgados o tribunales propios de la localidad de BILBAO.<\/p>\n","protected":false},"excerpt":{"rendered":"<p>En cumplimiento con lo establecido en la Ley Org\u00e1nica 15\/1999, de 13 de diciembre, de Protecci\u00f3n de Datos de Car\u00e1cter Personal, le informamos que los datos introducidos en el formulario de contacto de este sitio web pasar\u00e1 a formar parte de un fichero propiedad de Mazarredo Auditores S.L. y podr\u00e1n ser utilizados para ser objeto [&hellip;]<\/p>\n","protected":false},"author":1,"featured_media":0,"parent":0,"menu_order":0,"comment_status":"closed","ping_status":"closed","template":"","meta":[],"_links":{"self":[{"href":"https:\/\/www.mazarredoauditores.com\/eu\/wp-json\/wp\/v2\/pages\/310"}],"collection":[{"href":"https:\/\/www.mazarredoauditores.com\/eu\/wp-json\/wp\/v2\/pages"}],"about":[{"href":"https:\/\/www.mazarredoauditores.com\/eu\/wp-json\/wp\/v2\/types\/page"}],"author":[{"embeddable":true,"href":"https:\/\/www.mazarredoauditores.com\/eu\/wp-json\/wp\/v2\/users\/1"}],"replies":[{"embeddable":true,"href":"https:\/\/www.mazarredoauditores.com\/eu\/wp-json\/wp\/v2\/comments?post=310"}],"version-history":[{"count":0,"href":"https:\/\/www.mazarredoauditores.com\/eu\/wp-json\/wp\/v2\/pages\/310\/revisions"}],"wp:attachment":[{"href":"https:\/\/www.mazarredoauditores.com\/eu\/wp-json\/wp\/v2\/media?parent=310"}],"curies":[{"name":"wp","href":"https:\/\/api.w.org\/{rel}","templated":true}]}}